{"id":512,"date":"2021-03-16T06:54:52","date_gmt":"2021-03-16T06:54:52","guid":{"rendered":"https:\/\/midisgroup.test\/?page_id=512"},"modified":"2024-01-04T16:30:28","modified_gmt":"2024-01-04T16:30:28","slug":"partenaires-technologiques","status":"publish","type":"page","link":"https:\/\/www.midisgroup.com\/fr\/partenaires-technologiques\/","title":{"rendered":"Partenaires Technologiques"},"content":{"rendered":"<h2 id=\"partenaires-principaux\">Partenaires Principaux<\/h2>\n<p>Midis Group cultive des relations \u00e0 long-terme. Celles-ci sont \u00e0 la base du succ\u00e8s r\u00e9alis\u00e9 par nos partenaires sur les march\u00e9s \u00e9mergents. En effet, plus de neuf sur dix fournisseurs technologiques travaillent avec nous depuis au moins une d\u00e9cennie et m\u00eame depuis pr\u00e8s de 40 ans pour certains, soit depuis l\u2019aube du secteur technologique.<\/p>\n<p>Nous offrons \u00e0 nos partenaires la possibilit\u00e9 de d\u00e9ployer leur pr\u00e9sence et d\u2019am\u00e9liorer leurs activit\u00e9s gr\u00e2ce \u00e0 notre compr\u00e9hension in\u00e9gal\u00e9e des march\u00e9s locaux dans nos r\u00e9gions d\u2019op\u00e9ration et \u00e0 notre cr\u00e9dibilit\u00e9 de longue date au sein des r\u00e9seaux cruciaux dont toute entreprise technologique prosp\u00e8re a besoin pour r\u00e9ussir.<\/p>\n<p>Tous nos partenaires sont r\u00e9pertori\u00e9s ci-dessous, regroup\u00e9s par secteur d\u2019activit\u00e9, avec des liens ad\u00e9quats pour visualiser toutes les filiales du groupe Midis en association avec chaque partenaire.<\/p>\n","protected":false},"excerpt":{"rendered":"<p>Partenaires Principaux Midis Group cultive des relations \u00e0 long-terme. Celles-ci sont \u00e0 la base du succ\u00e8s r\u00e9alis\u00e9 par nos partenaires sur les march\u00e9s \u00e9mergents. En effet, plus de neuf sur dix fournisseurs technologiques travaillent avec nous depuis au moins une d\u00e9cennie et m\u00eame depuis pr\u00e8s de 40 ans pour certains, soit depuis l\u2019aube du secteur [&hellip;]<\/p>\n","protected":false},"author":7,"featured_media":0,"parent":0,"menu_order":0,"comment_status":"closed","ping_status":"closed","template":"page-technology-partners.php","meta":{"_acf_changed":false,"inline_featured_image":false,"footnotes":""},"class_list":["post-512","page","type-page","status-publish","hentry"],"acf":[],"_links":{"self":[{"href":"https:\/\/www.midisgroup.com\/fr\/wp-json\/wp\/v2\/pages\/512","targetHints":{"allow":["GET"]}}],"collection":[{"href":"https:\/\/www.midisgroup.com\/fr\/wp-json\/wp\/v2\/pages"}],"about":[{"href":"https:\/\/www.midisgroup.com\/fr\/wp-json\/wp\/v2\/types\/page"}],"author":[{"embeddable":true,"href":"https:\/\/www.midisgroup.com\/fr\/wp-json\/wp\/v2\/users\/7"}],"replies":[{"embeddable":true,"href":"https:\/\/www.midisgroup.com\/fr\/wp-json\/wp\/v2\/comments?post=512"}],"version-history":[{"count":0,"href":"https:\/\/www.midisgroup.com\/fr\/wp-json\/wp\/v2\/pages\/512\/revisions"}],"wp:attachment":[{"href":"https:\/\/www.midisgroup.com\/fr\/wp-json\/wp\/v2\/media?parent=512"}],"curies":[{"name":"wp","href":"https:\/\/api.w.org\/{rel}","templated":true}]}}